{"id":42893,"date":"2020-09-08T10:35:36","date_gmt":"2020-09-08T14:35:36","guid":{"rendered":"https:\/\/teknotip.ca\/?page_id=42893"},"modified":"2025-06-04T16:39:44","modified_gmt":"2025-06-04T20:39:44","slug":"politique-de-confidentialite","status":"publish","type":"page","link":"https:\/\/teknotip.com\/fr\/politique-de-confidentialite\/","title":{"rendered":"Politique de confidentialit\u00e9"},"content":{"rendered":"\t\t<div data-elementor-type=\"wp-page\" data-elementor-id=\"42893\" class=\"elementor elementor-42893\" data-elementor-post-type=\"page\">\n\t\t\t\t<div class=\"elementor-element elementor-element-298d03b8 e-flex e-con-boxed e-con e-parent\" data-id=\"298d03b8\" data-element_type=\"container\" data-e-type=\"container\">\n\t\t\t\t\t<div class=\"e-con-inner\">\n\t\t\t\t<div class=\"elementor-element elementor-element-1cb33b89 elementor-widget elementor-widget-text-editor\" data-id=\"1cb33b89\" data-element_type=\"widget\" data-e-type=\"widget\" data-widget_type=\"text-editor.default\">\n\t\t\t\t<div class=\"elementor-widget-container\">\n\t\t\t\t\t\t\t\t\t<div>\n<div>&nbsp;<\/div>\n<div>\n<div>\n<p><strong>CONDITIONS D&rsquo;UTILISATION&nbsp;<\/strong><\/p>\n<p>Devant le d\u00e9veloppement des nouveaux outils de communication, il est n\u00e9cessaire de porter une attention particuli\u00e8re \u00e0 la protection de la vie priv\u00e9e. C&rsquo;est pourquoi nous nous engageons \u00e0 respecter la confidentialit\u00e9 des renseignements personnels que nous collectons.&nbsp;<\/p>\n<hr>\n<p><strong>Collecte des renseignements personnels&nbsp;<\/strong><\/p>\n<p>Nous collectons les renseignements suivants :&nbsp;<\/p>\n<ul>\n<li>Courriel (facultativement)<\/li>\n<\/ul>\n<p>Les renseignements personnels que nous collectons sont recueillis au travers de formulaires et gr\u00e2ce \u00e0 l&rsquo;interactivit\u00e9 \u00e9tablie entre vous et notre site Web. Nous utilisons \u00e9galement, comme indiqu\u00e9 dans la section suivante, des fichiers t\u00e9moins et\/ou journaux pour r\u00e9unir des informations vous concernant.&nbsp;<\/p>\n<hr>\n<p><strong>Formulaires&nbsp;et interactivit\u00e9:&nbsp;<\/strong><\/p>\n<p>Vos renseignements personnels sont collect\u00e9s par l&rsquo;entremise d&rsquo;un formulaire, \u00e0 savoir :&nbsp;<\/p>\n<ul>\n<li>Formulaire d&rsquo;inscription au site Web&nbsp;<\/li>\n<\/ul>\n<p>Nous utilisons les renseignements ainsi collect\u00e9s pour les finalit\u00e9s suivantes :&nbsp;<\/p>\n<ul>\n<li>Suivi de la commande&nbsp;<\/li>\n<li>Gestion du site Web (pr\u00e9sentation, organisation)&nbsp;<\/li>\n<\/ul>\n<p>Vos renseignements sont \u00e9galement collect\u00e9s par le biais de l&rsquo;interactivit\u00e9 pouvant s&rsquo;\u00e9tablir entre vous et notre site Web, et ce, de la fa\u00e7on suivante:&nbsp;<\/p>\n<p>Nous utilisons les renseignements ainsi collect\u00e9s pour les finalit\u00e9s suivantes :&nbsp;<\/p>\n<ul>\n<li>Seulement pour l&rsquo;obtention d&rsquo;un re\u00e7u, mais cette information est r\u00e9colt\u00e9e de fa\u00e7on facultative pour le client.<\/li>\n<\/ul>\n<hr>\n<p><strong>Droit d&rsquo;opposition et de retrait&nbsp;<\/strong><\/p>\n<p>Nous nous engageons \u00e0 vous offrir un droit d&rsquo;opposition et de retrait quant \u00e0 vos renseignements personnels.<br>Le droit d&rsquo;opposition s&rsquo;entend comme \u00e9tant la possibilit\u00e9 offerte aux internautes de refuser que leurs renseignements personnels soient utilis\u00e9s \u00e0 certaines fins mentionn\u00e9es lors de la collecte.&nbsp;<\/p>\n<p>Le droit de retrait s&rsquo;entend comme \u00e9tant la possibilit\u00e9 offerte aux internautes de demander \u00e0 ce que leurs renseignements personnels ne figurent plus, par exemple, dans une liste de diffusion.&nbsp;<\/p>\n<p>Vous pouvez exercer ces droits en en faisant la demande par courrier, par courriel, par t\u00e9l\u00e9phone ou directement sur le site Web.&nbsp;<\/p>\n<ul>\n<li>Nom: Stephen Gay<\/li>\n<li>Adresse postale : 2230, chemin du Foulon, Qu\u00e9bec, G1T 1X4&nbsp;<\/li>\n<li>Courriel :&nbsp;<a href=\"mailto:info@teknotip.com\">info@teknotip.com<\/a>&nbsp;<\/li><\/ul><div><br><\/div><p>Nos engagements en mati\u00e8re de protection des renseignements personnels r\u00e9pondent aux exigences du programme suivant :&nbsp;<\/p>\n<ul>\n<li>Let&rsquo;s Encrypt (<a href=\"https:\/\/letsencrypt.org\/fr\/\">https:\/\/letsencrypt.org\/fr\/<\/a>)&nbsp;<\/li>\n<\/ul>\n<hr>\n<p><strong>L\u00e9gislation&nbsp;<\/strong><\/p>\n<p>Nous nous engageons \u00e0 respecter les dispositions l\u00e9gislatives \u00e9nonc\u00e9es dans la&nbsp;<em>Loi sur la protection des renseignements personnels dans le secteur priv\u00e9.<\/em>&nbsp;<\/p>\n<p><strong>Politique de s\u00e9curit\u00e9&nbsp;&nbsp;<\/strong><\/p>\n<p><strong>S\u00e9curit\u00e9 STRIPE&nbsp;<\/strong><\/p>\n<p>Stripe est la meilleure suite d&rsquo;outils pour g\u00e9rer une activit\u00e9 sur Internet. Nous g\u00e9rons des flux de plusieurs milliards de dollars chaque ann\u00e9e pour des entreprises innovantes dans le monde entier.&nbsp;<\/p>\n<p>Stripe offre une disponibilit\u00e9 et des performances de pointe et est certifi\u00e9e conforme aux normes les plus strictes en mati\u00e8re de conformit\u00e9 et de s\u00e9curit\u00e9.&nbsp;<\/p>\n<p>Stripe a \u00e9t\u00e9 audit\u00e9e par un auditeur certifi\u00e9 PCI et est certifi\u00e9e en mati\u00e8re de fournisseur de services PCI niveau&nbsp;1. Il s&rsquo;agit du niveau de certification le plus strict disponible dans l&rsquo;industrie des paiements. Pour ce faire, Stripe utilise les meilleurs outils et pratiques de s\u00e9curit\u00e9 de leur cat\u00e9gorie pour maintenir un haut niveau de s\u00e9curit\u00e9.&nbsp;<\/p>\n<\/div>\n<\/div>\n<\/div>\t\t\t\t\t\t\t\t<\/div>\n\t\t\t\t<\/div>\n\t\t\t\t\t<\/div>\n\t\t\t\t<\/div>\n\t\t<div class=\"elementor-element elementor-element-b44fa15 e-flex e-con-boxed e-con e-parent\" data-id=\"b44fa15\" data-element_type=\"container\" data-e-type=\"container\">\n\t\t\t\t\t<div class=\"e-con-inner\">\n\t\t\t\t<div class=\"elementor-element elementor-element-3368283 elementor-widget elementor-widget-html\" data-id=\"3368283\" data-element_type=\"widget\" data-e-type=\"widget\" data-widget_type=\"html.default\">\n\t\t\t\t<div class=\"elementor-widget-container\">\n\t\t\t\t\t<div id=\"__enzuzo-root\"><\/div><script id=\"__enzuzo-root-script\" src=\"https:\/\/app.enzuzo.com\/scripts\/do-not-sell\/00d610ca-ce93-11ef-9309-7b2deba1a320\"><\/script>\t\t\t\t<\/div>\n\t\t\t\t<\/div>\n\t\t\t\t\t<\/div>\n\t\t\t\t<\/div>\n\t\t\t\t<\/div>\n\t\t","protected":false},"excerpt":{"rendered":"<p>&nbsp; CONDITIONS D&rsquo;UTILISATION&nbsp; Devant le d\u00e9veloppement des nouveaux outils de communication, il est n\u00e9cessaire de porter une attention particuli\u00e8re \u00e0 la protection de la vie priv\u00e9e. C&rsquo;est pourquoi nous nous engageons \u00e0 respecter la confidentialit\u00e9 des renseignements personnels que nous collectons.&nbsp; Collecte des renseignements personnels&nbsp; Nous collectons les renseignements suivants :&nbsp; Courriel (facultativement) Les renseignements&hellip;&nbsp;<a href=\"https:\/\/teknotip.com\/fr\/politique-de-confidentialite\/\" class=\"\" rel=\"bookmark\">Lire la suite &raquo;<span class=\"screen-reader-text\">Politique de confidentialit\u00e9<\/span><\/a><\/p>\n","protected":false},"author":1,"featured_media":0,"parent":0,"menu_order":0,"comment_status":"closed","ping_status":"closed","template":"","meta":{"_acf_changed":false,"neve_meta_sidebar":"full-width","neve_meta_container":"","neve_meta_enable_content_width":"on","neve_meta_content_width":100,"neve_meta_title_alignment":"","neve_meta_author_avatar":"","neve_post_elements_order":"","neve_meta_disable_header":"","neve_meta_disable_footer":"","neve_meta_disable_title":"","footnotes":""},"class_list":["post-42893","page","type-page","status-publish","hentry"],"acf":[],"yoast_head":"<!-- This site is optimized with the Yoast SEO plugin v27.5 - https:\/\/yoast.com\/product\/yoast-seo-wordpress\/ -->\n<title>Politique de confidentialit\u00e9 - Teknotip<\/title>\n<meta name=\"robots\" content=\"index, follow, max-snippet:-1, max-image-preview:large, max-video-preview:-1\" \/>\n<link rel=\"canonical\" href=\"https:\/\/teknotip.com\/fr\/politique-de-confidentialite\/\" \/>\n<meta property=\"og:locale\" content=\"fr_FR\" \/>\n<meta property=\"og:type\" content=\"article\" \/>\n<meta property=\"og:title\" content=\"Politique de confidentialit\u00e9 - Teknotip\" \/>\n<meta property=\"og:description\" content=\"&nbsp; CONDITIONS D&rsquo;UTILISATION&nbsp; Devant le d\u00e9veloppement des nouveaux outils de communication, il est n\u00e9cessaire de porter une attention particuli\u00e8re \u00e0 la protection de la vie priv\u00e9e. C&rsquo;est pourquoi nous nous engageons \u00e0 respecter la confidentialit\u00e9 des renseignements personnels que nous collectons.&nbsp; Collecte des renseignements personnels&nbsp; Nous collectons les renseignements suivants :&nbsp; Courriel (facultativement) Les renseignements&hellip;&nbsp;Lire la suite &raquo;Politique de confidentialit\u00e9\" \/>\n<meta property=\"og:url\" content=\"https:\/\/teknotip.com\/fr\/politique-de-confidentialite\/\" \/>\n<meta property=\"og:site_name\" content=\"Teknotip\" \/>\n<meta property=\"article:modified_time\" content=\"2025-06-04T20:39:44+00:00\" \/>\n<meta name=\"twitter:card\" content=\"summary_large_image\" \/>\n<meta name=\"twitter:label1\" content=\"Dur\u00e9e de lecture estim\u00e9e\" \/>\n\t<meta name=\"twitter:data1\" content=\"3 minutes\" \/>\n<script type=\"application\/ld+json\" class=\"yoast-schema-graph\">{\"@context\":\"https:\\\/\\\/schema.org\",\"@graph\":[{\"@type\":\"WebPage\",\"@id\":\"https:\\\/\\\/teknotip.com\\\/fr\\\/politique-de-confidentialite\\\/\",\"url\":\"https:\\\/\\\/teknotip.com\\\/fr\\\/politique-de-confidentialite\\\/\",\"name\":\"Politique de confidentialit\u00e9 - Teknotip\",\"isPartOf\":{\"@id\":\"https:\\\/\\\/teknotip.com\\\/fr\\\/#website\"},\"datePublished\":\"2020-09-08T14:35:36+00:00\",\"dateModified\":\"2025-06-04T20:39:44+00:00\",\"breadcrumb\":{\"@id\":\"https:\\\/\\\/teknotip.com\\\/fr\\\/politique-de-confidentialite\\\/#breadcrumb\"},\"inLanguage\":\"fr-FR\",\"potentialAction\":[{\"@type\":\"ReadAction\",\"target\":[\"https:\\\/\\\/teknotip.com\\\/fr\\\/politique-de-confidentialite\\\/\"]}]},{\"@type\":\"BreadcrumbList\",\"@id\":\"https:\\\/\\\/teknotip.com\\\/fr\\\/politique-de-confidentialite\\\/#breadcrumb\",\"itemListElement\":[{\"@type\":\"ListItem\",\"position\":1,\"name\":\"Accueil\",\"item\":\"https:\\\/\\\/teknotip.com\\\/fr\\\/\"},{\"@type\":\"ListItem\",\"position\":2,\"name\":\"Politique de confidentialit\u00e9\"}]},{\"@type\":\"WebSite\",\"@id\":\"https:\\\/\\\/teknotip.com\\\/fr\\\/#website\",\"url\":\"https:\\\/\\\/teknotip.com\\\/fr\\\/\",\"name\":\"Teknotip\",\"description\":\"Le pourboire du futur est \u00e0 votre port\u00e9e !\",\"publisher\":{\"@id\":\"https:\\\/\\\/teknotip.com\\\/fr\\\/#organization\"},\"potentialAction\":[{\"@type\":\"SearchAction\",\"target\":{\"@type\":\"EntryPoint\",\"urlTemplate\":\"https:\\\/\\\/teknotip.com\\\/fr\\\/?s={search_term_string}\"},\"query-input\":{\"@type\":\"PropertyValueSpecification\",\"valueRequired\":true,\"valueName\":\"search_term_string\"}}],\"inLanguage\":\"fr-FR\"},{\"@type\":\"Organization\",\"@id\":\"https:\\\/\\\/teknotip.com\\\/fr\\\/#organization\",\"name\":\"Teknotip\",\"url\":\"https:\\\/\\\/teknotip.com\\\/fr\\\/\",\"logo\":{\"@type\":\"ImageObject\",\"inLanguage\":\"fr-FR\",\"@id\":\"https:\\\/\\\/teknotip.com\\\/fr\\\/#\\\/schema\\\/logo\\\/image\\\/\",\"url\":\"https:\\\/\\\/teknotip.com\\\/wp-content\\\/uploads\\\/2024\\\/01\\\/logo_bleu.svg\",\"contentUrl\":\"https:\\\/\\\/teknotip.com\\\/wp-content\\\/uploads\\\/2024\\\/01\\\/logo_bleu.svg\",\"width\":292,\"height\":63,\"caption\":\"Teknotip\"},\"image\":{\"@id\":\"https:\\\/\\\/teknotip.com\\\/fr\\\/#\\\/schema\\\/logo\\\/image\\\/\"}}]}<\/script>\n<!-- \/ Yoast SEO plugin. -->","yoast_head_json":{"title":"Politique de confidentialit\u00e9 - Teknotip","robots":{"index":"index","follow":"follow","max-snippet":"max-snippet:-1","max-image-preview":"max-image-preview:large","max-video-preview":"max-video-preview:-1"},"canonical":"https:\/\/teknotip.com\/fr\/politique-de-confidentialite\/","og_locale":"fr_FR","og_type":"article","og_title":"Politique de confidentialit\u00e9 - Teknotip","og_description":"&nbsp; CONDITIONS D&rsquo;UTILISATION&nbsp; Devant le d\u00e9veloppement des nouveaux outils de communication, il est n\u00e9cessaire de porter une attention particuli\u00e8re \u00e0 la protection de la vie priv\u00e9e. C&rsquo;est pourquoi nous nous engageons \u00e0 respecter la confidentialit\u00e9 des renseignements personnels que nous collectons.&nbsp; Collecte des renseignements personnels&nbsp; Nous collectons les renseignements suivants :&nbsp; Courriel (facultativement) Les renseignements&hellip;&nbsp;Lire la suite &raquo;Politique de confidentialit\u00e9","og_url":"https:\/\/teknotip.com\/fr\/politique-de-confidentialite\/","og_site_name":"Teknotip","article_modified_time":"2025-06-04T20:39:44+00:00","twitter_card":"summary_large_image","twitter_misc":{"Dur\u00e9e de lecture estim\u00e9e":"3 minutes"},"schema":{"@context":"https:\/\/schema.org","@graph":[{"@type":"WebPage","@id":"https:\/\/teknotip.com\/fr\/politique-de-confidentialite\/","url":"https:\/\/teknotip.com\/fr\/politique-de-confidentialite\/","name":"Politique de confidentialit\u00e9 - Teknotip","isPartOf":{"@id":"https:\/\/teknotip.com\/fr\/#website"},"datePublished":"2020-09-08T14:35:36+00:00","dateModified":"2025-06-04T20:39:44+00:00","breadcrumb":{"@id":"https:\/\/teknotip.com\/fr\/politique-de-confidentialite\/#breadcrumb"},"inLanguage":"fr-FR","potentialAction":[{"@type":"ReadAction","target":["https:\/\/teknotip.com\/fr\/politique-de-confidentialite\/"]}]},{"@type":"BreadcrumbList","@id":"https:\/\/teknotip.com\/fr\/politique-de-confidentialite\/#breadcrumb","itemListElement":[{"@type":"ListItem","position":1,"name":"Accueil","item":"https:\/\/teknotip.com\/fr\/"},{"@type":"ListItem","position":2,"name":"Politique de confidentialit\u00e9"}]},{"@type":"WebSite","@id":"https:\/\/teknotip.com\/fr\/#website","url":"https:\/\/teknotip.com\/fr\/","name":"Teknotip","description":"Le pourboire du futur est \u00e0 votre port\u00e9e !","publisher":{"@id":"https:\/\/teknotip.com\/fr\/#organization"},"potentialAction":[{"@type":"SearchAction","target":{"@type":"EntryPoint","urlTemplate":"https:\/\/teknotip.com\/fr\/?s={search_term_string}"},"query-input":{"@type":"PropertyValueSpecification","valueRequired":true,"valueName":"search_term_string"}}],"inLanguage":"fr-FR"},{"@type":"Organization","@id":"https:\/\/teknotip.com\/fr\/#organization","name":"Teknotip","url":"https:\/\/teknotip.com\/fr\/","logo":{"@type":"ImageObject","inLanguage":"fr-FR","@id":"https:\/\/teknotip.com\/fr\/#\/schema\/logo\/image\/","url":"https:\/\/teknotip.com\/wp-content\/uploads\/2024\/01\/logo_bleu.svg","contentUrl":"https:\/\/teknotip.com\/wp-content\/uploads\/2024\/01\/logo_bleu.svg","width":292,"height":63,"caption":"Teknotip"},"image":{"@id":"https:\/\/teknotip.com\/fr\/#\/schema\/logo\/image\/"}}]}},"_links":{"self":[{"href":"https:\/\/teknotip.com\/fr\/wp-json\/wp\/v2\/pages\/42893","targetHints":{"allow":["GET"]}}],"collection":[{"href":"https:\/\/teknotip.com\/fr\/wp-json\/wp\/v2\/pages"}],"about":[{"href":"https:\/\/teknotip.com\/fr\/wp-json\/wp\/v2\/types\/page"}],"author":[{"embeddable":true,"href":"https:\/\/teknotip.com\/fr\/wp-json\/wp\/v2\/users\/1"}],"replies":[{"embeddable":true,"href":"https:\/\/teknotip.com\/fr\/wp-json\/wp\/v2\/comments?post=42893"}],"version-history":[{"count":11,"href":"https:\/\/teknotip.com\/fr\/wp-json\/wp\/v2\/pages\/42893\/revisions"}],"predecessor-version":[{"id":47120,"href":"https:\/\/teknotip.com\/fr\/wp-json\/wp\/v2\/pages\/42893\/revisions\/47120"}],"wp:attachment":[{"href":"https:\/\/teknotip.com\/fr\/wp-json\/wp\/v2\/media?parent=42893"}],"curies":[{"name":"wp","href":"https:\/\/api.w.org\/{rel}","templated":true}]}}